{"id":7,"date":"2019-09-17T14:34:21","date_gmt":"2019-09-17T14:34:21","guid":{"rendered":"http:\/\/pulsfm.se\/varberg\/?page_id=7"},"modified":"2023-03-01T14:05:09","modified_gmt":"2023-03-01T14:05:09","slug":"start","status":"publish","type":"page","link":"http:\/\/pulsfm.se\/varberg\/","title":{"rendered":"Start"},"content":{"rendered":"<p>[et_pb_section fb_built=&#8221;1&#8243; fullwidth=&#8221;on&#8221; admin_label=&#8221;Header Section&#8221; _builder_version=&#8221;4.16&#8243; background_color=&#8221;#000000&#8243; custom_padding=&#8221;|||&#8221; global_colors_info=&#8221;{}&#8221;][et_pb_fullwidth_header text_orientation=&#8221;center&#8221; header_fullscreen=&#8221;on&#8221; header_scroll_down=&#8221;on&#8221; scroll_down_icon=&#8221;%%2%%&#8221; scroll_down_icon_color=&#8221;#ffffff&#8221; background_overlay_color=&#8221;rgba(0,0,0,0.4)&#8221; content_max_width_last_edited=&#8221;off|desktop&#8221; admin_label=&#8221;Contents&#8221; _builder_version=&#8221;4.20.0&#8243; title_font=&#8221;Oswald|||on|&#8221; title_text_align=&#8221;center&#8221; title_font_size=&#8221;80px&#8221; title_letter_spacing=&#8221;0.05em&#8221; title_line_height=&#8221;1.5em&#8221; subhead_font=&#8221;Nunito|600|||||||&#8221; subhead_font_size=&#8221;20px&#8221; subhead_line_height=&#8221;1.9em&#8221; background_color=&#8221;rgba(255, 255, 255, 0)&#8221; background_image=&#8221;http:\/\/media6.pulsfm.se\/2019\/09\/crop.php_.jpg&#8221; parallax=&#8221;on&#8221; parallax_method=&#8221;on&#8221; custom_button_one=&#8221;on&#8221; button_one_text_size=&#8221;15px&#8221; button_one_bg_color=&#8221;#dca57d&#8221; button_one_border_width=&#8221;10px&#8221; button_one_border_color=&#8221;#dca57d&#8221; button_one_border_radius=&#8221;0px&#8221; button_one_letter_spacing=&#8221;3px&#8221; button_one_font=&#8221;Oswald|||on|&#8221; button_one_use_icon=&#8221;off&#8221; custom_padding=&#8221;||0px|||&#8221; animation_style=&#8221;fade&#8221; animation_starting_opacity=&#8221;50%&#8221; animation_speed_curve=&#8221;ease-in&#8221; title_font_size_tablet=&#8221;60px&#8221; title_font_size_phone=&#8221;40px&#8221; title_font_size_last_edited=&#8221;on|tablet&#8221; button_one_border_color_hover=&#8221;#c99872&#8243; button_one_border_radius_hover=&#8221;0px&#8221; button_one_letter_spacing_hover=&#8221;3px&#8221; button_one_bg_color_hover=&#8221;#c99872&#8243; global_colors_info=&#8221;{}&#8221; button_one_text_size__hover_enabled=&#8221;off&#8221; button_two_text_size__hover_enabled=&#8221;off&#8221; button_one_text_color__hover_enabled=&#8221;off&#8221; button_two_text_color__hover_enabled=&#8221;off&#8221; button_one_border_width__hover_enabled=&#8221;off&#8221; button_two_border_width__hover_enabled=&#8221;off&#8221; button_one_border_color__hover_enabled=&#8221;on&#8221; button_one_border_color__hover=&#8221;#c99872&#8243; button_two_border_color__hover_enabled=&#8221;off&#8221; button_one_border_radius__hover_enabled=&#8221;on&#8221; button_one_border_radius__hover=&#8221;0px&#8221; button_two_border_radius__hover_enabled=&#8221;off&#8221; button_one_letter_spacing__hover_enabled=&#8221;on&#8221; button_one_letter_spacing__hover=&#8221;3px&#8221; button_two_letter_spacing__hover_enabled=&#8221;off&#8221; button_one_bg_color__hover_enabled=&#8221;on&#8221; button_one_bg_color__hover=&#8221;#c99872&#8243; button_two_bg_color__hover_enabled=&#8221;off&#8221;]<img loading=\"lazy\" decoding=\"async\" src=\"http:\/\/media6.pulsfm.se\/2020\/01\/PulsFM_VBG.png\" width=\"1177\" height=\"429\" alt=\"\" class=\"wp-image-82 alignnone size-full\" srcset=\"http:\/\/media6.pulsfm.se\/2020\/01\/PulsFM_VBG.png 1177w, http:\/\/media6.pulsfm.se\/2020\/01\/PulsFM_VBG-980x357.png 980w, http:\/\/media6.pulsfm.se\/2020\/01\/PulsFM_VBG-480x175.png 480w\" sizes=\"(min-width: 0px) and (max-width: 480px) 480px, (min-width: 481px) and (max-width: 980px) 980px, (min-width: 981px) 1177px, 100vw\" \/><\/p>\n<p>&nbsp;<\/p>\n<p>&nbsp;<iframe style=\"width: 300px; height: 150px; border: 0;\" src=\"https:\/\/player.shoutca.st\/?username=pulsfmvbg\"><\/iframe>[\/et_pb_fullwidth_header][\/et_pb_section][et_pb_section fb_built=&#8221;1&#8243; admin_label=&#8221;Blog Section&#8221; _builder_version=&#8221;4.16&#8243; background_color=&#8221;#f8f8f8&#8243; custom_padding=&#8221;6px|0px|6px|||&#8221; locked=&#8221;off&#8221; global_colors_info=&#8221;{}&#8221;][et_pb_row column_structure=&#8221;3_5,2_5&#8243; _builder_version=&#8221;4.16&#8243; global_colors_info=&#8221;{}&#8221;][et_pb_column type=&#8221;3_5&#8243; _builder_version=&#8221;4.16&#8243; global_colors_info=&#8221;{}&#8221;][et_pb_text admin_label=&#8221;Tittle&#8221; _builder_version=&#8221;4.16&#8243; text_font=&#8221;Nunito||||||||&#8221; text_font_size=&#8221;18px&#8221; text_line_height=&#8221;1.8em&#8221; header_font=&#8221;||||||||&#8221; header_2_font=&#8221;Oswald|||on|||||&#8221; header_2_text_align=&#8221;center&#8221; header_2_font_size=&#8221;40px&#8221; header_2_letter_spacing=&#8221;1px&#8221; header_2_line_height=&#8221;1.5em&#8221; header_3_font=&#8221;||||||||&#8221; max_width=&#8221;600px&#8221; max_width_last_edited=&#8221;off|desktop&#8221; module_alignment=&#8221;center&#8221; custom_margin=&#8221;|||&#8221; global_colors_info=&#8221;{}&#8221;]<\/p>\n<h2>Puls FM Varberg<\/h2>\n<p>[\/et_pb_text][et_pb_text disabled_on=&#8221;off|off|off&#8221; admin_label=&#8221;Subtittle&#8221; _builder_version=&#8221;4.16&#8243; text_font=&#8221;Nunito||||||||&#8221; text_text_color=&#8221;#787070&#8243; text_font_size=&#8221;18px&#8221; text_line_height=&#8221;1.8em&#8221; header_font=&#8221;Oswald||||&#8221; header_font_size=&#8221;16px&#8221; header_letter_spacing=&#8221;2px&#8221; header_line_height=&#8221;1.7em&#8221; header_3_font=&#8221;Oswald||||||||&#8221; text_orientation=&#8221;center&#8221; max_width=&#8221;864px&#8221; max_width_tablet=&#8221;&#8221; max_width_phone=&#8221;&#8221; max_width_last_edited=&#8221;on|phone&#8221; module_alignment=&#8221;center&#8221; custom_margin=&#8221;-30px|||&#8221; global_colors_info=&#8221;{}&#8221;]<\/p>\n<p><span>Puls FM 91,9 MHz Varberg \u00e4r en ny kommersiell radiostation i Varberg!<\/span><\/p>\n<p><span>Med v\u00e4lk\u00e4nda profiler, sk\u00f6nt mixat musikutbud, sport, event, nyheter, s\u00e4ndningar live p\u00e5 plats, t\u00e4vlingar och mycket mer &#8211; anpassat just efter Varberg! S\u00e5 som kommersiell radio var t\u00e4nkt att vara. Och ska vara.<\/span><\/p>\n<p><span><\/span><\/p>\n<p>&nbsp;<\/p>\n<p><span><\/span><\/p>\n<p>[\/et_pb_text][et_pb_image src=&#8221;http:\/\/media6.pulsfm.se\/2019\/09\/pulsfm.png&#8221; align=&#8221;center&#8221; _builder_version=&#8221;4.16&#8243; global_colors_info=&#8221;{}&#8221;][\/et_pb_image][\/et_pb_column][et_pb_column type=&#8221;2_5&#8243; _builder_version=&#8221;4.16&#8243; global_colors_info=&#8221;{}&#8221;][et_pb_image src=&#8221;http:\/\/media6.pulsfm.se\/2020\/05\/93795924_3718112791563705_7511490788128194560_o.jpg&#8221; title_text=&#8221;93795924_3718112791563705_7511490788128194560_o&#8221; _builder_version=&#8221;4.16&#8243; global_colors_info=&#8221;{}&#8221;][\/et_pb_image][et_pb_image src=&#8221;http:\/\/media6.pulsfm.se\/2020\/01\/image1.jpg&#8221; _builder_version=&#8221;4.16&#8243; global_colors_info=&#8221;{}&#8221;][\/et_pb_image][\/et_pb_column][\/et_pb_row][et_pb_row admin_label=&#8221;CTA Button&#8221; _builder_version=&#8221;4.16&#8243; custom_margin=&#8221;2px|auto||auto||&#8221; custom_padding=&#8221;|||&#8221; global_colors_info=&#8221;{}&#8221;][et_pb_column type=&#8221;4_4&#8243; _builder_version=&#8221;4.16&#8243; custom_padding=&#8221;|||&#8221; global_colors_info=&#8221;{}&#8221; custom_padding__hover=&#8221;|||&#8221;][et_pb_cta title=&#8221;Marknadsf\u00f6r dig i Puls FM&#8221; button_url=&#8221;http:\/\/pulsfm.se\/varberg\/annonsera\/&#8221; button_text=&#8221;L\u00e4s mer&#8221; _builder_version=&#8221;4.16&#8243; background_color=&#8221;#000000&#8243; global_colors_info=&#8221;{}&#8221;]<\/p>\n<p style=\"text-align: center;\"><span><\/span><\/p>\n<p style=\"text-align: center;\"><span>Puls FM Varberg har en unik position, som frist\u00e5ende akt\u00f6r med stark och trogen lyssnarskara. Vi kan den lokala marknaden och har daglig kontakt med de lyssnare som \u00e4r dina kunder. Du kan marknadsf\u00f6ra dig p\u00e5 m\u00e5nga olika s\u00e4tt i v\u00e5r kanal. Vi erbjuder f\u00e4rdiga marknadsf\u00f6ringspaket och skr\u00e4ddarsydda l\u00f6sningar fr\u00e5n spotar och sponsring till event samt redaktionellt inneh\u00e5ll. Med hj\u00e4lp av ljudet kan du tala direkt till lyssnarens k\u00e4nslor oavsett vilken av v\u00e5ra produkter du v\u00e4ljer!<\/span><\/p>\n<p>[\/et_pb_cta][\/et_pb_column][\/et_pb_row][\/et_pb_section][et_pb_section fb_built=&#8221;1&#8243; _builder_version=&#8221;4.16&#8243; custom_padding=&#8221;3px|||||&#8221; global_colors_info=&#8221;{}&#8221;][et_pb_row column_structure=&#8221;1_2,1_2&#8243; _builder_version=&#8221;4.16&#8243; width=&#8221;100%&#8221; max_width=&#8221;100%&#8221; global_colors_info=&#8221;{}&#8221;][et_pb_column type=&#8221;1_2&#8243; _builder_version=&#8221;4.16&#8243; global_colors_info=&#8221;{}&#8221;][et_pb_image src=&#8221;http:\/\/media6.pulsfm.se\/2019\/09\/amplifier-analogue-audio-744318.jpg&#8221; _builder_version=&#8221;4.16&#8243; min_height=&#8221;100%&#8221; custom_margin=&#8221;||3px|||&#8221; custom_padding=&#8221;||0px|||&#8221; global_colors_info=&#8221;{}&#8221;][\/et_pb_image][\/et_pb_column][et_pb_column type=&#8221;1_2&#8243; _builder_version=&#8221;4.16&#8243; global_colors_info=&#8221;{}&#8221;][et_pb_text admin_label=&#8221;Tittle&#8221; _builder_version=&#8221;4.16&#8243; text_font=&#8221;Nunito||||||||&#8221; text_font_size=&#8221;18px&#8221; text_line_height=&#8221;1.8em&#8221; header_text_align=&#8221;center&#8221; header_3_font=&#8221;Oswald|||on|||||&#8221; header_3_font_size=&#8221;42px&#8221; header_3_letter_spacing=&#8221;2px&#8221; header_3_line_height=&#8221;1.5em&#8221; max_width=&#8221;600px&#8221; max_width_tablet=&#8221;&#8221; max_width_phone=&#8221;&#8221; max_width_last_edited=&#8221;on|phone&#8221; module_alignment=&#8221;left&#8221; min_height=&#8221;68px&#8221; custom_margin=&#8221;||0px|-25px||&#8221; locked=&#8221;off&#8221; global_colors_info=&#8221;{}&#8221;]<a name=\"id1\"><\/a><\/p>\n<h3>Senast spelat<\/h3>\n<p>[\/et_pb_text][et_pb_code _builder_version=&#8221;4.16&#8243; global_colors_info=&#8221;{}&#8221;]<!--OnlineRadioBox Playlist widget--><!-- [et_pb_line_break_holder] --><\/p>\n<div class=\"orbL \" id=\"orb_pl_7fba978c08aa36ee\"><!-- [et_pb_line_break_holder] -->    <\/p>\n<style media=\"screen\"><!-- [et_pb_line_break_holder] -->      .orbL{position:relative;box-sizing:border-box;overflow:hidden;font-weight:normal;border:1px solid;text-align:left}.orbL br,.orbL>br{display:none!important;}.orbL p,.orbL>p{margin:0!important;padding:0!important;line-height:normal!important;font-size:inherit!important}.orbL br,.orbL>br{display:none!important}.orbLh{display:block;position:absolute;z-index:100;top:22px;right:10px;margin-top:-12px;width:21px;text-decoration:none!important;cursor:pointer}.orbLh>img{margin:0!important;border:none!important;height:24px!important;-webkit-filter:drop-shadow(2px 2px 0 rgba(47,99,160,.2));filter:drop-shadow(2px 2px 0 rgba(47,99,160,.2))}.orbLt{display:block;box-sizing:border-box;overflow:hidden;padding-left:10px!important;font-weight:normal;line-height:44px!important;min-height:44px;text-decoration:none!important}.orbLti{float:left!important;margin:10px 10px 10px 0!important;height:24px!important;width:44px!important;border:none!important;border-radius:2px!important;opacity:1!important;}.orbLtn{display:block;margin-right:54px!important;font-size:14px!important;font-weight:bold;text-overflow:ellipsis;overflow:hidden;white-space:nowrap}.orbIL{position:relative;overflow:auto;overflow-x:hidden;overflow-y:auto;margin:0!important;padding:0!important;list-style:none!important}.orbILi{box-sizing:border-box;margin:0!important;padding:0 10px!important;list-style:none!important;background-image:none;float:none!important;height: auto!important}.orbILi>a,.orbILi>span{display:block!important;height:auto!important;font-weight:normal!important;text-decoration:none!important;line-height:32px!important;font-size:14px!important;text-overflow:ellipsis;overflow:hidden;white-space:nowrap;-webkit-transition:color .125s;transition:color .125s:border:none!important}.orbILi>a:hover,.orbILi>span:hover{background:transparent!important}.orbILi>a>time,.orbILi>span>time{display:inline-block;font-size:12px!important;width:3em}.orbILi+li{border-style:solid!important;border-width:1px 0 0!important}.orbILs{margin:0!important;padding:0!important;list-style:none!important;display:-webkit-flex;display:-ms-flexbox;display:-webkit-box;display:flex;-webkit-flex-flow:row nowrap;-ms-flex-flow:row nowrap;flex-flow:row nowrap;border-style:solid!important;border-width:0 0 1px!important}.orbILsi{display:inline-block!important;margin:0!important;padding:0!important;height:32px!important;overflow:hidden;-webkit-flex:1 1 auto;-ms-flex:1 1 auto;-webkit-box-flex:1;flex:1 1 auto;-webkit-align-self:baseline;-ms-flex-item-align:baseline;align-self:baseline;text-align:center;font-size:11px!important;float:none!important}.orbILsi + li{border-style:solid!important;border-width:0 0 0 1px!important}.orbILsi > a,.orbILsi > span{display:block;line-height:32px!important;text-decoration:none!important;-webkit-transition:color .125s;transition:color .125s}<!-- [et_pb_line_break_holder] -->  \/* Compact *\/<!-- [et_pb_line_break_holder] -->  .cmpct .orbILi>a,.cmpct .orbILi>span{line-height:24px!important;font-size:12px!important}<!-- [et_pb_line_break_holder] -->  .cmpct .orbILi>a>time,.cmpct .orbILi>span>time{font-size:11px!important}<!-- [et_pb_line_break_holder] -->  <\/style>\n<p><!-- [et_pb_line_break_holder] -->  <\/p>\n<style media=\"screen\" id=\"orb_pl_7fba978c08aa36ee_settings\">\/*user customization*\/.orbL{width:}.orbL{border:none;background:#fff !important}.orbLt{background-color:#fffdfe !important}\/*common list title bg*\/.orbLtn{color:#fefcff !important}\/*common list title color*\/.orbIL{height:422px}\/*track list height: user height, e.g. 250px - 45px(title) - [33px(schedule, if enabled)] *\/.orbIL,.orbILs{background:#ffffff !important} \/* list bg, schedule bg *\/.orbILi>a,.orbILi>a:visited,.orbILi>span,.orbILi>a:hover>time,.orbILi.a>a>time,.orbILi.a>span>time{color:#333333 !important} \/*item color, hover-item time color, active-item time color *\/.orbILi>a:hover,.orbILi.a>a,.orbILi.a>span,.orbILsi>a:hover,.orbILsi>span{color:#f50000 !important} \/*hover-item color, active-item color, schedule hover-item color, schedule active-item color*\/.orbILi>a>time,.orbILi>span>time,.orbILsi>a{color:#aeaeae !important}\/*item time color, schedule item color*\/.orbILi.a,.orbILsi.a{background:#fefcff !important} \/* active-item bg, schedule active-item bg *\/.orbILs,.orbILi+li,.orbILsi+li{border-color:#eeeeee !important}\/* item border color, schedule border color *\/.orbILs{display: flex}<\/style>\n<p><!-- [et_pb_line_break_holder] -->    <a class=\"orbLh\" href=\"https:\/\/onlineradiobox.com\/se\/\" title=\"Listen on Online Radio Box!\" target=\"_blank\" rel=\"noopener noreferrer\"><img decoding=\"async\" src=\"\/\/ecdn.onlineradiobox.com\/img\/wl.svg\" alt=\"Listen on Online Radio Box!\"><\/a><!-- [et_pb_line_break_holder] -->    <a class=\"orbLt\" href=\"https:\/\/onlineradiobox.com\/se\/pulsvarberg\/\" target=\"_blank\" rel=\"noopener noreferrer\"><img decoding=\"async\" class=\"orbLti\" src=\"\/\/cdn.onlineradiobox.com\/img\/logo\/0\/81630.png\" alt=\"Puls FM Varberg\"><span class=\"orbLtn\">Puls FM Varberg<\/span><\/a><!-- [et_pb_line_break_holder] -->    <script><!-- [et_pb_line_break_holder] -->      var orbpl_w = orbpl_w || { lang: \"en-us\" };<!-- [et_pb_line_break_holder] -->      orbpl_w.cmd = orbpl_w.cmd || [];<!-- [et_pb_line_break_holder] -->      orbpl_w.cmd.push(function() {<!-- [et_pb_line_break_holder] -->        orbpl_w.init(\"orb_pl_7fba978c08aa36ee\");<!-- [et_pb_line_break_holder] -->      });<!-- [et_pb_line_break_holder] -->      var s, t; s = document.createElement('script'); s.type = 'text\/javascript';<!-- [et_pb_line_break_holder] -->      s.src = \"\/\/ecdn.onlineradiobox.com\/js\/plwidget.min.a1649ec0.js\";<!-- [et_pb_line_break_holder] -->      t = document.getElementsByTagName('script')[0]; t.parentNode.insertBefore(s, t);<!-- [et_pb_line_break_holder] -->    <\/script><\/div>\n<p><!-- [et_pb_line_break_holder] --><!--OnlineRadioBox Playlist widget-->[\/et_pb_code][\/et_pb_column][\/et_pb_row][\/et_pb_section][et_pb_section fb_built=&#8221;1&#8243; admin_label=&#8221;Footer&#8221; _builder_version=&#8221;4.16&#8243; background_color_gradient_direction=&#8221;90deg&#8221; background_image=&#8221;http:\/\/media6.pulsfm.se\/2019\/09\/crop.php_.jpg&#8221; parallax=&#8221;on&#8221; custom_padding=&#8221;0px|0px|0px|0px&#8221; saved_tabs=&#8221;all&#8221; locked=&#8221;off&#8221; global_colors_info=&#8221;{}&#8221;][et_pb_row column_structure=&#8221;1_2,1_2&#8243; use_custom_gutter=&#8221;on&#8221; gutter_width=&#8221;1&#8243; make_equal=&#8221;on&#8221; admin_label=&#8221;Footer Row&#8221; module_class=&#8221; et_pb_row_fullwidth&#8221; _builder_version=&#8221;4.16&#8243; width=&#8221;100%&#8221; width_tablet=&#8221;100%&#8221; width_phone=&#8221;&#8221; width_last_edited=&#8221;on|desktop&#8221; max_width=&#8221;100%&#8221; max_width_tablet=&#8221;100%&#8221; max_width_phone=&#8221;&#8221; max_width_last_edited=&#8221;on|desktop&#8221; custom_margin=&#8221;|||&#8221; custom_padding=&#8221;0px|0px|0px|0px&#8221; animation_style=&#8221;fade&#8221; make_fullwidth=&#8221;on&#8221; global_colors_info=&#8221;{}&#8221;][et_pb_column type=&#8221;1_2&#8243; _builder_version=&#8221;4.16&#8243; background_color=&#8221;rgba(0,0,0,0.6)&#8221; custom_padding=&#8221;100px|10%|100px|10%&#8221; custom_padding_tablet=&#8221;&#8221; custom_padding_phone=&#8221;&#8221; custom_padding_last_edited=&#8221;on|phone&#8221; global_colors_info=&#8221;{}&#8221; custom_padding__hover=&#8221;|||&#8221;][et_pb_contact_form email=&#8221;varberg@pulfsm.se&#8221; success_message=&#8221;Tack f\u00f6r ditt meddelande!&#8221; submit_button_text=&#8221;Skicka&#8221; _builder_version=&#8221;4.16&#8243; _unique_id=&#8221;be4495cd-404d-4294-8a19-46781fc4a473&#8243; custom_button=&#8221;on&#8221; button_text_color=&#8221;#ffffff&#8221; global_colors_info=&#8221;{}&#8221;][et_pb_contact_field field_id=&#8221;Name&#8221; field_title=&#8221;Namn&#8221; _builder_version=&#8221;4.16&#8243; global_colors_info=&#8221;{}&#8221; button_text_size__hover_enabled=&#8221;off&#8221; button_one_text_size__hover_enabled=&#8221;off&#8221; button_two_text_size__hover_enabled=&#8221;off&#8221; button_text_color__hover_enabled=&#8221;off&#8221; button_one_text_color__hover_enabled=&#8221;off&#8221; button_two_text_color__hover_enabled=&#8221;off&#8221; button_border_width__hover_enabled=&#8221;off&#8221; button_one_border_width__hover_enabled=&#8221;off&#8221; button_two_border_width__hover_enabled=&#8221;off&#8221; button_border_color__hover_enabled=&#8221;off&#8221; button_one_border_color__hover_enabled=&#8221;off&#8221; button_two_border_color__hover_enabled=&#8221;off&#8221; button_border_radius__hover_enabled=&#8221;off&#8221; button_one_border_radius__hover_enabled=&#8221;off&#8221; button_two_border_radius__hover_enabled=&#8221;off&#8221; button_letter_spacing__hover_enabled=&#8221;off&#8221; button_one_letter_spacing__hover_enabled=&#8221;off&#8221; button_two_letter_spacing__hover_enabled=&#8221;off&#8221; button_bg_color__hover_enabled=&#8221;off&#8221; button_one_bg_color__hover_enabled=&#8221;off&#8221; button_two_bg_color__hover_enabled=&#8221;off&#8221;][\/et_pb_contact_field][et_pb_contact_field field_id=&#8221;Email&#8221; field_title=&#8221;E-postadress&#8221; field_type=&#8221;email&#8221; _builder_version=&#8221;4.16&#8243; global_colors_info=&#8221;{}&#8221; button_text_size__hover_enabled=&#8221;off&#8221; button_one_text_size__hover_enabled=&#8221;off&#8221; button_two_text_size__hover_enabled=&#8221;off&#8221; button_text_color__hover_enabled=&#8221;off&#8221; button_one_text_color__hover_enabled=&#8221;off&#8221; button_two_text_color__hover_enabled=&#8221;off&#8221; button_border_width__hover_enabled=&#8221;off&#8221; button_one_border_width__hover_enabled=&#8221;off&#8221; button_two_border_width__hover_enabled=&#8221;off&#8221; button_border_color__hover_enabled=&#8221;off&#8221; button_one_border_color__hover_enabled=&#8221;off&#8221; button_two_border_color__hover_enabled=&#8221;off&#8221; button_border_radius__hover_enabled=&#8221;off&#8221; button_one_border_radius__hover_enabled=&#8221;off&#8221; button_two_border_radius__hover_enabled=&#8221;off&#8221; button_letter_spacing__hover_enabled=&#8221;off&#8221; button_one_letter_spacing__hover_enabled=&#8221;off&#8221; button_two_letter_spacing__hover_enabled=&#8221;off&#8221; button_bg_color__hover_enabled=&#8221;off&#8221; button_one_bg_color__hover_enabled=&#8221;off&#8221; button_two_bg_color__hover_enabled=&#8221;off&#8221;][\/et_pb_contact_field][et_pb_contact_field field_id=&#8221;l\u00e5t&#8221; field_title=&#8221;\u00d6nska l\u00e5t&#8221; fullwidth_field=&#8221;on&#8221; _builder_version=&#8221;4.16&#8243; global_colors_info=&#8221;{}&#8221;][\/et_pb_contact_field][et_pb_contact_field field_id=&#8221;Message&#8221; field_title=&#8221;Meddelande&#8221; field_type=&#8221;text&#8221; fullwidth_field=&#8221;on&#8221; _builder_version=&#8221;4.16&#8243; global_colors_info=&#8221;{}&#8221; button_text_size__hover_enabled=&#8221;off&#8221; button_one_text_size__hover_enabled=&#8221;off&#8221; button_two_text_size__hover_enabled=&#8221;off&#8221; button_text_color__hover_enabled=&#8221;off&#8221; button_one_text_color__hover_enabled=&#8221;off&#8221; button_two_text_color__hover_enabled=&#8221;off&#8221; button_border_width__hover_enabled=&#8221;off&#8221; button_one_border_width__hover_enabled=&#8221;off&#8221; button_two_border_width__hover_enabled=&#8221;off&#8221; button_border_color__hover_enabled=&#8221;off&#8221; button_one_border_color__hover_enabled=&#8221;off&#8221; button_two_border_color__hover_enabled=&#8221;off&#8221; button_border_radius__hover_enabled=&#8221;off&#8221; button_one_border_radius__hover_enabled=&#8221;off&#8221; button_two_border_radius__hover_enabled=&#8221;off&#8221; button_letter_spacing__hover_enabled=&#8221;off&#8221; button_one_letter_spacing__hover_enabled=&#8221;off&#8221; button_two_letter_spacing__hover_enabled=&#8221;off&#8221; button_bg_color__hover_enabled=&#8221;off&#8221; button_one_bg_color__hover_enabled=&#8221;off&#8221; button_two_bg_color__hover_enabled=&#8221;off&#8221;][\/et_pb_contact_field][\/et_pb_contact_form][\/et_pb_column][et_pb_column type=&#8221;1_2&#8243; _builder_version=&#8221;4.16&#8243; background_color=&#8221;#000000&#8243; custom_padding=&#8221;100px|10%|100px|10%&#8221; global_colors_info=&#8221;{}&#8221; custom_padding__hover=&#8221;|||&#8221;][et_pb_text admin_label=&#8221;Texts&#8221; _builder_version=&#8221;4.16&#8243; text_font=&#8221;Oswald||||&#8221; link_font=&#8221;||||||||&#8221; ul_font=&#8221;||||||||&#8221; ol_font=&#8221;||||||||&#8221; quote_font=&#8221;||||||||&#8221; header_font=&#8221;||||||||&#8221; header_2_font=&#8221;Oswald|||on|||||&#8221; header_2_text_align=&#8221;left&#8221; header_2_font_size=&#8221;40px&#8221; header_2_letter_spacing=&#8221;2px&#8221; header_2_line_height=&#8221;1.5em&#8221; background_layout=&#8221;dark&#8221; custom_margin=&#8221;||4%|&#8221; custom_padding=&#8221;|||&#8221; locked=&#8221;off&#8221; global_colors_info=&#8221;{}&#8221;]<a name=\"kontakt\"><\/a><\/p>\n<h2>Kontakta oss<\/h2>\n<p>[\/et_pb_text][et_pb_text admin_label=&#8221;Texts&#8221; _builder_version=&#8221;4.16&#8243; text_font=&#8221;Nunito||||&#8221; text_font_size=&#8221;16px&#8221; header_font=&#8221;Oswald|||on|&#8221; header_text_color=&#8221;#DCA57D&#8221; header_font_size=&#8221;16px&#8221; header_letter_spacing=&#8221;2px&#8221; header_line_height=&#8221;1.7em&#8221; header_4_font=&#8221;Oswald|||on|||||&#8221; header_4_text_color=&#8221;#DCA57D&#8221; header_4_font_size=&#8221;16px&#8221; header_4_letter_spacing=&#8221;1px&#8221; header_4_line_height=&#8221;1.5em&#8221; background_layout=&#8221;dark&#8221; custom_margin=&#8221;||6%|&#8221; hover_enabled=&#8221;0&#8243; locked=&#8221;off&#8221; global_colors_info=&#8221;{}&#8221; sticky_enabled=&#8221;0&#8243;]<\/p>\n<h4><span style=\"color: #ffffff;\">Telefon<\/span><\/h4>\n<p><span style=\"font-size: 16px;\"><span>073-522 05 46\u202c<\/span><\/span><\/p>\n<p>[\/et_pb_text][et_pb_text admin_label=&#8221;Texts&#8221; _builder_version=&#8221;4.16&#8243; text_font=&#8221;Nunito||||&#8221; text_font_size=&#8221;16px&#8221; header_font=&#8221;Oswald|||on|&#8221; header_text_color=&#8221;#DCA57D&#8221; header_font_size=&#8221;16px&#8221; header_letter_spacing=&#8221;2px&#8221; header_line_height=&#8221;1.7em&#8221; header_4_font=&#8221;Oswald|||on|||||&#8221; header_4_text_color=&#8221;#DCA57D&#8221; header_4_font_size=&#8221;16px&#8221; header_4_letter_spacing=&#8221;1px&#8221; header_4_line_height=&#8221;1.5em&#8221; background_layout=&#8221;dark&#8221; custom_margin=&#8221;21px||6%|||&#8221; locked=&#8221;off&#8221; global_colors_info=&#8221;{}&#8221;]<\/p>\n<h4><span style=\"color: #ffffff;\">Mail<\/span><\/h4>\n<p><a href=\"mailto:varberg@pulsfm.se\">varberg@pulsfm.se<\/a><\/p>\n<p>[\/et_pb_text][\/et_pb_column][\/et_pb_row][\/et_pb_section]<\/p>\n","protected":false},"excerpt":{"rendered":"<p>&nbsp; &nbsp;Puls FM VarbergPuls FM 91,9 MHz Varberg \u00e4r en ny kommersiell radiostation i Varberg! Med v\u00e4lk\u00e4nda profiler, sk\u00f6nt mixat musikutbud, sport, event, nyheter, s\u00e4ndningar live p\u00e5 plats, t\u00e4vlingar och mycket mer &#8211; anpassat just efter Varberg! S\u00e5 som kommersiell radio var t\u00e4nkt att vara. Och ska vara. &nbsp; Puls FM Varberg har en unik [&hellip;]<\/p>\n","protected":false},"author":1,"featured_media":0,"parent":0,"menu_order":0,"comment_status":"closed","ping_status":"closed","template":"","meta":{"_et_pb_use_builder":"on","_et_pb_old_content":"","_et_gb_content_width":"","footnotes":""},"class_list":["post-7","page","type-page","status-publish","hentry"],"jetpack_sharing_enabled":true,"_links":{"self":[{"href":"http:\/\/pulsfm.se\/varberg\/wp-json\/wp\/v2\/pages\/7","targetHints":{"allow":["GET"]}}],"collection":[{"href":"http:\/\/pulsfm.se\/varberg\/wp-json\/wp\/v2\/pages"}],"about":[{"href":"http:\/\/pulsfm.se\/varberg\/wp-json\/wp\/v2\/types\/page"}],"author":[{"embeddable":true,"href":"http:\/\/pulsfm.se\/varberg\/wp-json\/wp\/v2\/users\/1"}],"replies":[{"embeddable":true,"href":"http:\/\/pulsfm.se\/varberg\/wp-json\/wp\/v2\/comments?post=7"}],"version-history":[{"count":20,"href":"http:\/\/pulsfm.se\/varberg\/wp-json\/wp\/v2\/pages\/7\/revisions"}],"predecessor-version":[{"id":117,"href":"http:\/\/pulsfm.se\/varberg\/wp-json\/wp\/v2\/pages\/7\/revisions\/117"}],"wp:attachment":[{"href":"http:\/\/pulsfm.se\/varberg\/wp-json\/wp\/v2\/media?parent=7"}],"curies":[{"name":"wp","href":"https:\/\/api.w.org\/{rel}","templated":true}]}}