{"id":34,"date":"2020-01-22T15:56:04","date_gmt":"2020-01-22T15:56:04","guid":{"rendered":"http:\/\/pulsfm.se\/boras\/?page_id=34"},"modified":"2021-09-09T12:46:35","modified_gmt":"2021-09-09T12:46:35","slug":"annonsera","status":"publish","type":"page","link":"http:\/\/pulsfm.se\/boras\/annonsera\/","title":{"rendered":"Annonsera"},"content":{"rendered":"<p>[et_pb_section fb_built=&#8221;1&#8243; admin_label=&#8221;Blog Section&#8221; _builder_version=&#8221;3.22&#8243; background_color=&#8221;#f8f8f8&#8243; min_height=&#8221;1372px&#8221; custom_margin=&#8221;12px|||||&#8221; custom_padding=&#8221;6px|0px|6px|||&#8221; locked=&#8221;off&#8221;][et_pb_row admin_label=&#8221;CTA Button&#8221; _builder_version=&#8221;3.25&#8243; custom_margin=&#8221;2px|auto||auto||&#8221; custom_padding=&#8221;|||&#8221;][et_pb_column type=&#8221;4_4&#8243; _builder_version=&#8221;3.25&#8243; custom_padding=&#8221;|||&#8221; custom_padding__hover=&#8221;|||&#8221;][et_pb_text admin_label=&#8221;Tittle&#8221; _builder_version=&#8221;3.27.4&#8243; text_font=&#8221;Nunito||||||||&#8221; text_font_size=&#8221;18px&#8221; text_line_height=&#8221;1.8em&#8221; header_font=&#8221;||||||||&#8221; header_2_font=&#8221;Oswald|||on|||||&#8221; header_2_text_align=&#8221;center&#8221; header_2_font_size=&#8221;40px&#8221; header_2_letter_spacing=&#8221;1px&#8221; header_2_line_height=&#8221;1.5em&#8221; header_3_font=&#8221;||||||||&#8221; max_width=&#8221;600px&#8221; max_width_last_edited=&#8221;off|desktop&#8221; module_alignment=&#8221;center&#8221; custom_margin=&#8221;|||&#8221;]<\/p>\n<h2>Annonsera i puls FM<\/h2>\n<p>[\/et_pb_text][et_pb_text disabled_on=&#8221;off|off|off&#8221; admin_label=&#8221;Subtittle&#8221; _builder_version=&#8221;3.27.4&#8243; text_font=&#8221;Nunito||||||||&#8221; text_text_color=&#8221;#787070&#8243; text_font_size=&#8221;18px&#8221; text_line_height=&#8221;1.8em&#8221; header_font=&#8221;Oswald||||&#8221; header_font_size=&#8221;16px&#8221; header_letter_spacing=&#8221;2px&#8221; header_line_height=&#8221;1.7em&#8221; text_orientation=&#8221;center&#8221; max_width=&#8221;864px&#8221; max_width_tablet=&#8221;&#8221; max_width_phone=&#8221;&#8221; max_width_last_edited=&#8221;on|phone&#8221; module_alignment=&#8221;center&#8221; custom_margin=&#8221;-30px|||&#8221;]<\/p>\n<p><strong><\/strong><\/p>\n<p><strong>F\u00f6r dig som vill marknadsf\u00f6ra dig i Bor\u00e5s!<\/strong><br \/> Puls FM Bor\u00e5s har en unik position, som frist\u00e5ende akt\u00f6r med stark och trogen lyssnarskara. Vi kan den lokala marknaden och har daglig kontakt med de lyssnare som \u00e4r dina kunder. Du kan marknadsf\u00f6ra dig p\u00e5 m\u00e5nga olika s\u00e4tt i v\u00e5r kanal. Vi erbjuder f\u00e4rdiga marknadsf\u00f6ringspaket och skr\u00e4ddarsydda l\u00f6sningar fr\u00e5n spotar och sponsring till event samt redaktionellt inneh\u00e5ll. Med hj\u00e4lp av ljudet kan du tala direkt till lyssnarens k\u00e4nslor oavsett vilken av v\u00e5ra produkter du v\u00e4ljer!<\/p>\n<p>&nbsp;<\/p>\n<p><strong>Bygg starka relationer med en k\u00f6pstark m\u00e5lgrupp!<\/strong><br \/> Puls FM \u00e4r lokalt f\u00f6rankrad och underh\u00e5llande radio i Bor\u00e5s. De allra flesta av v\u00e5ra lyssnare \u00e4r i \u00e5ldern 25 till 65 \u00e5r, vilket inneb\u00e4r att de har en god ekonomi och \u00e4r flitiga konsumenter. De \u00e4r dessutom trogna radiolyssnare vilket g\u00f6r att du kan bygga upp en stark relation med dem. Nyheter fr\u00e5n Bor\u00e5s DLY och sport.\u00a0 Live p\u00e5 plats, aktiviteter, event och t\u00e4vlingar. Med lokal n\u00e4rvaro och v\u00e4lk\u00e4nda profiler. I Bor\u00e5s. F\u00f6r Bor\u00e5s. Det ger goda m\u00f6jligheter f\u00f6r f\u00f6retag som vill marknadsf\u00f6ra sig lokalt.<\/p>\n<p>&nbsp;<\/p>\n<p><strong>Lokalt n\u00e4rvarande med 120 000 m\u00f6jliga lyssnare! <\/strong><br \/> V\u00e5ra s\u00e4ndningar h\u00f6rs b\u00e4st i Bor\u00e5s Stad och Bollebygds Kommun som har \u00f6ver 120 000 inv\u00e5nare. Vi finns till f\u00f6r de 7 av 10* som varje dag lyssnar p\u00e5 radio. (9% av radiolyssning sker digitalt. Med hj\u00e4lp av den statistiken uppskattar vi att Puls FM Bor\u00e5s n\u00e5r en publik p\u00e5 70 000 lyssnare i veckan.* K\u00e4lla: Kantar Sifo)<\/p>\n<p>&nbsp;<\/p>\n<p>&nbsp;<\/p>\n<p><strong>Du som vill f\u00e5 effekt av din marknadsf\u00f6ring!<\/strong><br \/> Radioreklam \u00e4r enkelt, smidigt och kostnadseffektiv marknadsf\u00f6ring. Ljudkommunikation v\u00e4xer i det nya medielandskapet. Ist\u00e4llet f\u00f6r att l\u00e4sa och titta v\u00e4ljer fler och fler att lyssna! Ist\u00e4llet f\u00f6r att skriva och klicka v\u00e4ljer fler att prata. Det \u00e4r det nya ljudlandskapet! Vi p\u00e5 Puls FM hj\u00e4lper till med allt fr\u00e5n id\u00e9 och manus till planering och produktion av v\u00e4lgjorda reklamspots.\u00a0 &#8211; Allt f\u00f6r att ge dig effekt av din marknadsf\u00f6ring!<\/p>\n<p><strong style=\"font-size: 18px;\"><\/strong><\/p>\n<p><strong style=\"font-size: 18px;\">Reklamproduktion<\/strong><span style=\"font-size: 18px;\">\u00a0<\/span><\/p>\n<p><span style=\"font-size: 18px;\">Vi hj\u00e4lper g\u00e4rna till med att producera er jingel. Kontakta s\u00e4ljaren f\u00f6r mer information.<\/span><\/p>\n<p><span style=\"font-size: 18px;\"><\/span><\/p>\n<p><strong>Kontakta en s\u00e4ljare<\/strong><span style=\"font-size: 18px;\">\u00a0<\/span><\/p>\n<p>Fredrik Sandgren \u2013 073-522 05 46\u202c, <a href=\"mailto:fredrik@pulsfm.se\">fredrik@pulsfm.se<\/a><\/p>\n<p><strong><\/strong><\/p>\n<p><strong>S\u00e5 h\u00e4r l\u00e5ter Puls FM<\/strong><span style=\"font-size: 18px;\">\u00a0<\/span><\/p>\n<p><strong><\/strong><iframe loading=\"lazy\" width=\"100%\" height=\"166\" scrolling=\"no\" frameborder=\"no\" allow=\"autoplay\" src=\"https:\/\/w.soundcloud.com\/player\/?url=https%3A\/\/api.soundcloud.com\/tracks\/693145894&amp;color=%23ff5500&amp;auto_play=false&amp;hide_related=true&amp;show_comments=false&amp;show_user=true&amp;show_reposts=false&amp;show_teaser=true\"><\/iframe><\/p>\n<p>&nbsp;<\/p>\n<p>[\/et_pb_text][\/et_pb_column][\/et_pb_row][\/et_pb_section][et_pb_section fb_built=&#8221;1&#8243; admin_label=&#8221;Gallery&#8221; _builder_version=&#8221;3.22&#8243; background_color_gradient_direction=&#8221;90deg&#8221; custom_padding=&#8221;0px|0px|0px|0px&#8221; locked=&#8221;off&#8221;][et_pb_row column_structure=&#8221;1_3,1_3,1_3&#8243; use_custom_gutter=&#8221;on&#8221; gutter_width=&#8221;1&#8243; make_equal=&#8221;on&#8221; admin_label=&#8221;Best Beans Row&#8221; module_class=&#8221; et_pb_row_fullwidth&#8221; _builder_version=&#8221;3.25&#8243; width=&#8221;100%&#8221; width_tablet=&#8221;100%&#8221; width_phone=&#8221;&#8221; width_last_edited=&#8221;on|desktop&#8221; max_width=&#8221;100%&#8221; max_width_tablet=&#8221;100%&#8221; max_width_phone=&#8221;&#8221; max_width_last_edited=&#8221;on|desktop&#8221; custom_margin=&#8221;|||&#8221; custom_padding=&#8221;0px|0px|0px|0px&#8221; make_fullwidth=&#8221;on&#8221;][et_pb_column type=&#8221;1_3&#8243; _builder_version=&#8221;3.25&#8243; custom_padding=&#8221;|||&#8221; custom_padding__hover=&#8221;|||&#8221;][et_pb_image src=&#8221;http:\/\/borasmedia.pulsfm.se\/2020\/01\/47205297_606729479754048_8313070421595389952_o.jpg&#8221; force_fullwidth=&#8221;on&#8221; align_tablet=&#8221;center&#8221; align_phone=&#8221;&#8221; align_last_edited=&#8221;on|desktop&#8221; _builder_version=&#8221;3.26.7&#8243; max_height=&#8221;360px&#8221;][\/et_pb_image][\/et_pb_column][et_pb_column type=&#8221;1_3&#8243; _builder_version=&#8221;3.25&#8243; custom_padding=&#8221;|||&#8221; custom_padding__hover=&#8221;|||&#8221;][et_pb_image src=&#8221;http:\/\/borasmedia.pulsfm.se\/2020\/01\/Foto-2017-03-15-09-12-12-1-scaled.jpg&#8221; force_fullwidth=&#8221;on&#8221; align_tablet=&#8221;center&#8221; align_phone=&#8221;&#8221; align_last_edited=&#8221;on|desktop&#8221; _builder_version=&#8221;3.26.7&#8243; max_height=&#8221;360px&#8221; locked=&#8221;off&#8221;][\/et_pb_image][\/et_pb_column][et_pb_column type=&#8221;1_3&#8243; _builder_version=&#8221;3.25&#8243; custom_padding=&#8221;|||&#8221; custom_padding__hover=&#8221;|||&#8221;][et_pb_image src=&#8221;http:\/\/borasmedia.pulsfm.se\/2020\/01\/IMG_7928-scaled.jpg&#8221; _builder_version=&#8221;3.26.7&#8243;][\/et_pb_image][\/et_pb_column][\/et_pb_row][\/et_pb_section][et_pb_section fb_built=&#8221;1&#8243; admin_label=&#8221;Footer&#8221; _builder_version=&#8221;3.26.7&#8243; background_color_gradient_direction=&#8221;90deg&#8221; background_image=&#8221;http:\/\/borasmedia.pulsfm.se\/2020\/01\/crop.php_-1-scaled.jpg&#8221; parallax=&#8221;on&#8221; custom_padding=&#8221;0px|0px|0px|0px&#8221; saved_tabs=&#8221;all&#8221; locked=&#8221;off&#8221;][et_pb_row column_structure=&#8221;1_2,1_2&#8243; use_custom_gutter=&#8221;on&#8221; gutter_width=&#8221;1&#8243; make_equal=&#8221;on&#8221; admin_label=&#8221;Footer Row&#8221; module_class=&#8221; et_pb_row_fullwidth&#8221; _builder_version=&#8221;3.25&#8243; width=&#8221;100%&#8221; width_tablet=&#8221;100%&#8221; width_phone=&#8221;&#8221; width_last_edited=&#8221;on|desktop&#8221; max_width=&#8221;100%&#8221; max_width_tablet=&#8221;100%&#8221; max_width_phone=&#8221;&#8221; max_width_last_edited=&#8221;on|desktop&#8221; custom_margin=&#8221;|||&#8221; custom_padding=&#8221;0px|0px|0px|0px&#8221; animation_style=&#8221;fade&#8221; make_fullwidth=&#8221;on&#8221;][et_pb_column type=&#8221;1_2&#8243; _builder_version=&#8221;3.25&#8243; background_color=&#8221;rgba(0,0,0,0.6)&#8221; custom_padding=&#8221;100px|10%|100px|10%&#8221; custom_padding_tablet=&#8221;&#8221; custom_padding_phone=&#8221;&#8221; custom_padding_last_edited=&#8221;on|phone&#8221; custom_padding__hover=&#8221;|||&#8221;][et_pb_contact_form email=&#8221;info@pulfsm.se&#8221; success_message=&#8221;Tack f\u00f6r ditt meddelande!&#8221; submit_button_text=&#8221;Skicka&#8221; _builder_version=&#8221;3.26.7&#8243;][et_pb_contact_field field_id=&#8221;Name&#8221; field_title=&#8221;Namn&#8221; _builder_version=&#8221;3.26.7&#8243; button_text_size__hover_enabled=&#8221;off&#8221; button_one_text_size__hover_enabled=&#8221;off&#8221; button_two_text_size__hover_enabled=&#8221;off&#8221; button_text_color__hover_enabled=&#8221;off&#8221; button_one_text_color__hover_enabled=&#8221;off&#8221; button_two_text_color__hover_enabled=&#8221;off&#8221; button_border_width__hover_enabled=&#8221;off&#8221; button_one_border_width__hover_enabled=&#8221;off&#8221; button_two_border_width__hover_enabled=&#8221;off&#8221; button_border_color__hover_enabled=&#8221;off&#8221; button_one_border_color__hover_enabled=&#8221;off&#8221; button_two_border_color__hover_enabled=&#8221;off&#8221; button_border_radius__hover_enabled=&#8221;off&#8221; button_one_border_radius__hover_enabled=&#8221;off&#8221; button_two_border_radius__hover_enabled=&#8221;off&#8221; button_letter_spacing__hover_enabled=&#8221;off&#8221; button_one_letter_spacing__hover_enabled=&#8221;off&#8221; button_two_letter_spacing__hover_enabled=&#8221;off&#8221; button_bg_color__hover_enabled=&#8221;off&#8221; button_one_bg_color__hover_enabled=&#8221;off&#8221; button_two_bg_color__hover_enabled=&#8221;off&#8221;][\/et_pb_contact_field][et_pb_contact_field field_id=&#8221;Email&#8221; field_title=&#8221;E-postadress&#8221; field_type=&#8221;email&#8221; _builder_version=&#8221;3.26.7&#8243; button_text_size__hover_enabled=&#8221;off&#8221; button_one_text_size__hover_enabled=&#8221;off&#8221; button_two_text_size__hover_enabled=&#8221;off&#8221; button_text_color__hover_enabled=&#8221;off&#8221; button_one_text_color__hover_enabled=&#8221;off&#8221; button_two_text_color__hover_enabled=&#8221;off&#8221; button_border_width__hover_enabled=&#8221;off&#8221; button_one_border_width__hover_enabled=&#8221;off&#8221; button_two_border_width__hover_enabled=&#8221;off&#8221; button_border_color__hover_enabled=&#8221;off&#8221; button_one_border_color__hover_enabled=&#8221;off&#8221; button_two_border_color__hover_enabled=&#8221;off&#8221; button_border_radius__hover_enabled=&#8221;off&#8221; button_one_border_radius__hover_enabled=&#8221;off&#8221; button_two_border_radius__hover_enabled=&#8221;off&#8221; button_letter_spacing__hover_enabled=&#8221;off&#8221; button_one_letter_spacing__hover_enabled=&#8221;off&#8221; button_two_letter_spacing__hover_enabled=&#8221;off&#8221; button_bg_color__hover_enabled=&#8221;off&#8221; button_one_bg_color__hover_enabled=&#8221;off&#8221; button_two_bg_color__hover_enabled=&#8221;off&#8221;][\/et_pb_contact_field][et_pb_contact_field field_id=&#8221;l\u00e5t&#8221; field_title=&#8221;\u00d6nska l\u00e5t&#8221; fullwidth_field=&#8221;on&#8221; _builder_version=&#8221;3.26.7&#8243;][\/et_pb_contact_field][et_pb_contact_field field_id=&#8221;Message&#8221; field_title=&#8221;Meddelande&#8221; field_type=&#8221;text&#8221; fullwidth_field=&#8221;on&#8221; _builder_version=&#8221;3.16&#8243; button_text_size__hover_enabled=&#8221;off&#8221; button_one_text_size__hover_enabled=&#8221;off&#8221; button_two_text_size__hover_enabled=&#8221;off&#8221; button_text_color__hover_enabled=&#8221;off&#8221; button_one_text_color__hover_enabled=&#8221;off&#8221; button_two_text_color__hover_enabled=&#8221;off&#8221; button_border_width__hover_enabled=&#8221;off&#8221; button_one_border_width__hover_enabled=&#8221;off&#8221; button_two_border_width__hover_enabled=&#8221;off&#8221; button_border_color__hover_enabled=&#8221;off&#8221; button_one_border_color__hover_enabled=&#8221;off&#8221; button_two_border_color__hover_enabled=&#8221;off&#8221; button_border_radius__hover_enabled=&#8221;off&#8221; button_one_border_radius__hover_enabled=&#8221;off&#8221; button_two_border_radius__hover_enabled=&#8221;off&#8221; button_letter_spacing__hover_enabled=&#8221;off&#8221; button_one_letter_spacing__hover_enabled=&#8221;off&#8221; button_two_letter_spacing__hover_enabled=&#8221;off&#8221; button_bg_color__hover_enabled=&#8221;off&#8221; button_one_bg_color__hover_enabled=&#8221;off&#8221; button_two_bg_color__hover_enabled=&#8221;off&#8221;][\/et_pb_contact_field][\/et_pb_contact_form][\/et_pb_column][et_pb_column type=&#8221;1_2&#8243; _builder_version=&#8221;3.25&#8243; background_color=&#8221;#000000&#8243; custom_padding=&#8221;100px|10%|100px|10%&#8221; custom_padding__hover=&#8221;|||&#8221;][et_pb_text admin_label=&#8221;Texts&#8221; _builder_version=&#8221;3.27.4&#8243; text_font=&#8221;Oswald||||&#8221; link_font=&#8221;||||||||&#8221; ul_font=&#8221;||||||||&#8221; ol_font=&#8221;||||||||&#8221; quote_font=&#8221;||||||||&#8221; header_font=&#8221;||||||||&#8221; header_2_font=&#8221;Oswald|||on|||||&#8221; header_2_text_align=&#8221;left&#8221; header_2_font_size=&#8221;40px&#8221; header_2_letter_spacing=&#8221;2px&#8221; header_2_line_height=&#8221;1.5em&#8221; background_layout=&#8221;dark&#8221; custom_margin=&#8221;||4%|&#8221; custom_padding=&#8221;|||&#8221; locked=&#8221;off&#8221;]<a name=\"kontakt\"><\/a><\/p>\n<h2>Kontakta oss<\/h2>\n<p>[\/et_pb_text][et_pb_text admin_label=&#8221;Texts&#8221; _builder_version=&#8221;3.27.4&#8243; text_font=&#8221;Nunito||||&#8221; text_font_size=&#8221;16px&#8221; header_font=&#8221;Oswald|||on|&#8221; header_text_color=&#8221;#DCA57D&#8221; header_font_size=&#8221;16px&#8221; header_letter_spacing=&#8221;2px&#8221; header_line_height=&#8221;1.7em&#8221; header_4_font=&#8221;Oswald|||on|||||&#8221; header_4_text_color=&#8221;#DCA57D&#8221; header_4_font_size=&#8221;16px&#8221; header_4_letter_spacing=&#8221;1px&#8221; header_4_line_height=&#8221;1.5em&#8221; background_layout=&#8221;dark&#8221; custom_margin=&#8221;||6%|&#8221; locked=&#8221;off&#8221;]<\/p>\n<h4><span style=\"color: #ffffff;\">Telefon<\/span><\/h4>\n<p>073-522 05 46\u202c<\/p>\n<p>076-357 12 28<\/p>\n<p>[\/et_pb_text][et_pb_text admin_label=&#8221;Texts&#8221; _builder_version=&#8221;4.2.2&#8243; text_font=&#8221;Nunito||||&#8221; text_font_size=&#8221;16px&#8221; header_font=&#8221;Oswald|||on|&#8221; header_text_color=&#8221;#DCA57D&#8221; header_font_size=&#8221;16px&#8221; header_letter_spacing=&#8221;2px&#8221; header_line_height=&#8221;1.7em&#8221; header_4_font=&#8221;Oswald|||on|||||&#8221; header_4_text_color=&#8221;#DCA57D&#8221; header_4_font_size=&#8221;16px&#8221; header_4_letter_spacing=&#8221;1px&#8221; header_4_line_height=&#8221;1.5em&#8221; background_layout=&#8221;dark&#8221; custom_margin=&#8221;21px||6%|||&#8221; locked=&#8221;off&#8221;]<\/p>\n<h4><span style=\"color: #ffffff;\">Mail<\/span><\/h4>\n<p><a href=\"mailto:info@pulsfm.se\">info@pulsfm.se<span style=\"color: #ff0000;\"><\/span><\/a><\/p>\n<p>[\/et_pb_text][et_pb_text admin_label=&#8221;Texts&#8221; _builder_version=&#8221;4.2.2&#8243; text_font=&#8221;Nunito||||&#8221; text_font_size=&#8221;16px&#8221; text_line_height=&#8221;1.5em&#8221; header_font=&#8221;Oswald|||on|&#8221; header_text_color=&#8221;#DCA57D&#8221; header_font_size=&#8221;16px&#8221; header_letter_spacing=&#8221;2px&#8221; header_line_height=&#8221;1.7em&#8221; header_4_font=&#8221;Oswald|||on|||||&#8221; header_4_text_color=&#8221;#DCA57D&#8221; header_4_font_size=&#8221;16px&#8221; header_4_letter_spacing=&#8221;1px&#8221; header_4_line_height=&#8221;1.5em&#8221; background_layout=&#8221;dark&#8221; custom_margin=&#8221;||6%|&#8221; locked=&#8221;off&#8221;]<\/p>\n<h4><span style=\"color: #ffffff;\">Adress<\/span><\/h4>\n<p>Puls FM c\/o Nilsson CRWTH<br \/> Druveforsv\u00e4gen 8,\u00a0<span>504 33 Bor\u00e5s<\/span><\/p>\n<p>[\/et_pb_text][\/et_pb_column][\/et_pb_row][\/et_pb_section]<\/p>\n","protected":false},"excerpt":{"rendered":"<p>Annonsera i puls FM F\u00f6r dig som vill marknadsf\u00f6ra dig i Bor\u00e5s! Puls FM Bor\u00e5s har en unik position, som frist\u00e5ende akt\u00f6r med stark och trogen lyssnarskara. Vi kan den lokala marknaden och har daglig kontakt med de lyssnare som \u00e4r dina kunder. Du kan marknadsf\u00f6ra dig p\u00e5 m\u00e5nga olika s\u00e4tt i v\u00e5r kanal. Vi [&hellip;]<\/p>\n","protected":false},"author":1,"featured_media":0,"parent":0,"menu_order":0,"comment_status":"closed","ping_status":"closed","template":"","meta":{"_et_pb_use_builder":"on","_et_pb_old_content":"","_et_gb_content_width":"","footnotes":""},"class_list":["post-34","page","type-page","status-publish","hentry"],"_links":{"self":[{"href":"http:\/\/pulsfm.se\/boras\/wp-json\/wp\/v2\/pages\/34","targetHints":{"allow":["GET"]}}],"collection":[{"href":"http:\/\/pulsfm.se\/boras\/wp-json\/wp\/v2\/pages"}],"about":[{"href":"http:\/\/pulsfm.se\/boras\/wp-json\/wp\/v2\/types\/page"}],"author":[{"embeddable":true,"href":"http:\/\/pulsfm.se\/boras\/wp-json\/wp\/v2\/users\/1"}],"replies":[{"embeddable":true,"href":"http:\/\/pulsfm.se\/boras\/wp-json\/wp\/v2\/comments?post=34"}],"version-history":[{"count":5,"href":"http:\/\/pulsfm.se\/boras\/wp-json\/wp\/v2\/pages\/34\/revisions"}],"predecessor-version":[{"id":78,"href":"http:\/\/pulsfm.se\/boras\/wp-json\/wp\/v2\/pages\/34\/revisions\/78"}],"wp:attachment":[{"href":"http:\/\/pulsfm.se\/boras\/wp-json\/wp\/v2\/media?parent=34"}],"curies":[{"name":"wp","href":"https:\/\/api.w.org\/{rel}","templated":true}]}}